{"id":2153,"date":"2020-04-09T15:47:45","date_gmt":"2020-04-09T13:47:45","guid":{"rendered":"http:\/\/www.ticeolivierdie.com\/olivier-erun\/?page_id=2153"},"modified":"2020-04-13T12:28:12","modified_gmt":"2020-04-13T10:28:12","slug":"meli-melo","status":"publish","type":"page","link":"http:\/\/www.ticeolivierdie.com\/olivier-erun\/meli-melo\/","title":{"rendered":"M\u00e9li-M\u00e9lo"},"content":{"rendered":"<p><a href=\"http:\/\/www.ticeolivierdie.com\/escapolivecpce1.html\">Retour \u00e0 la page d&rsquo;accueil<\/a><\/p>\n<p><img loading=\"lazy\" decoding=\"async\" class=\"alignnone  wp-image-2161\" src=\"http:\/\/www.ticeolivierdie.com\/olivier-erun\/wp-content\/uploads\/tunnelgreisiere-150x150.jpg\" alt=\"\" width=\"70\" height=\"70\"><\/p>\n<p>Voici une histoire: en image et la m\u00eame en texte.<\/p>\n<p>Dans les deux cas elle est en d\u00e9sordre.<\/p>\n<p>Tu dois la remettre en ordre. Note le num\u00e9ro des 2 bonnes r\u00e9ponses.<\/p>\n<p>Cela forme un nombre \u00e0 2 chiffres.<\/p>\n<p><span style=\"font-size: 24px;\">A D C E B F = r\u00e9ponse 1<\/span><\/p>\n<p><span style=\"font-size: 24px;\">C F B A D E = r\u00e9ponse 2<\/span><\/p>\n<p><span style=\"font-size: 24px;\">B F A D C E = r\u00e9ponse 3<\/span><\/p>\n<p><span style=\"font-size: 24px;\">1 2 3 4 5 6 = r\u00e9ponse 4<\/span><\/p>\n<p><span style=\"font-size: 24px;\">3 6 5 2 4 1 = r\u00e9ponse 5<\/span><\/p>\n<p><span style=\"font-size: 24px;\">6 2 3 1 5 4 = r\u00e9ponse 6<\/span><\/p>\n<p><img loading=\"lazy\" decoding=\"async\" class=\"alignnone size-full wp-image-2154\" src=\"http:\/\/www.ticeolivierdie.com\/olivier-erun\/wp-content\/uploads\/Capture-d\u2019\u00e9cran-2020-04-09-\u00e0-15.46.49.png\" alt=\"\" width=\"555\" height=\"771\" srcset=\"http:\/\/www.ticeolivierdie.com\/olivier-erun\/wp-content\/uploads\/Capture-d\u2019\u00e9cran-2020-04-09-\u00e0-15.46.49.png 555w, http:\/\/www.ticeolivierdie.com\/olivier-erun\/wp-content\/uploads\/Capture-d\u2019\u00e9cran-2020-04-09-\u00e0-15.46.49-216x300.png 216w, http:\/\/www.ticeolivierdie.com\/olivier-erun\/wp-content\/uploads\/Capture-d\u2019\u00e9cran-2020-04-09-\u00e0-15.46.49-252x350.png 252w\" sizes=\"auto, (max-width: 555px) 100vw, 555px\" \/><\/p>\n<p><script src=\"https:\/\/www.w3counter.com\/tracker.js?id=131279\"><\/script><\/p>\n","protected":false},"excerpt":{"rendered":"<p>Retour \u00e0 la page d&rsquo;accueil Voici une histoire: en image et la m\u00eame en texte. Dans les deux cas elle est en d\u00e9sordre. Tu dois la remettre en ordre. Note le num\u00e9ro des 2 bonnes r\u00e9ponses. Cela forme un nombre \u00e0 2 chiffres. A D C E B F = r\u00e9ponse 1 C F B [&hellip;]<\/p>\n","protected":false},"author":1,"featured_media":0,"parent":0,"menu_order":0,"comment_status":"closed","ping_status":"closed","template":"","meta":{"footnotes":""},"class_list":["post-2153","page","type-page","status-publish","hentry"],"_links":{"self":[{"href":"http:\/\/www.ticeolivierdie.com\/olivier-erun\/wp-json\/wp\/v2\/pages\/2153","targetHints":{"allow":["GET"]}}],"collection":[{"href":"http:\/\/www.ticeolivierdie.com\/olivier-erun\/wp-json\/wp\/v2\/pages"}],"about":[{"href":"http:\/\/www.ticeolivierdie.com\/olivier-erun\/wp-json\/wp\/v2\/types\/page"}],"author":[{"embeddable":true,"href":"http:\/\/www.ticeolivierdie.com\/olivier-erun\/wp-json\/wp\/v2\/users\/1"}],"replies":[{"embeddable":true,"href":"http:\/\/www.ticeolivierdie.com\/olivier-erun\/wp-json\/wp\/v2\/comments?post=2153"}],"version-history":[{"count":7,"href":"http:\/\/www.ticeolivierdie.com\/olivier-erun\/wp-json\/wp\/v2\/pages\/2153\/revisions"}],"predecessor-version":[{"id":2341,"href":"http:\/\/www.ticeolivierdie.com\/olivier-erun\/wp-json\/wp\/v2\/pages\/2153\/revisions\/2341"}],"wp:attachment":[{"href":"http:\/\/www.ticeolivierdie.com\/olivier-erun\/wp-json\/wp\/v2\/media?parent=2153"}],"curies":[{"name":"wp","href":"https:\/\/api.w.org\/{rel}","templated":true}]}}