{"id":23,"date":"2018-12-11T16:01:39","date_gmt":"2018-12-11T15:01:39","guid":{"rendered":"http:\/\/www.ticeolivierdie.com\/olivier-erun\/?page_id=23"},"modified":"2020-04-10T21:19:51","modified_gmt":"2020-04-10T19:19:51","slug":"amis-des-ecoles-rurales-du-diois","status":"publish","type":"page","link":"http:\/\/www.ticeolivierdie.com\/olivier-erun\/amis-des-ecoles-rurales-du-diois\/","title":{"rendered":"Amis des Ecoles Rurales du Diois"},"content":{"rendered":"\n<h5 class=\"wp-block-heading\">Depuis 2002 les \u00e9coles du Diois ont mont\u00e9 une association pour acheter et mettre en commun du mat\u00e9riel num\u00e9rique. Elles ont ainsi acquis des ordinateurs, des appareils photos, des cam\u00e9ras, des pieds photos, des video-projecteurs, des robots\u2026<\/h5>\n\n\n<p>Ce mat\u00e9riel est ensuite mis \u00e0 disposition des \u00e9coles quand elles en ont besoin.<\/p>\n<p>\u00a0<\/p>\n<p>\u00a0<\/p>\n\n\n\n\n<h2 class=\"wp-block-heading\"><\/h2>\n","protected":false},"excerpt":{"rendered":"<p>Depuis 2002 les \u00e9coles du Diois ont mont\u00e9 une association pour acheter et mettre en commun du mat\u00e9riel num\u00e9rique. Elles ont ainsi acquis des ordinateurs, des appareils photos, des cam\u00e9ras, des pieds photos, des video-projecteurs, des robots\u2026 Ce mat\u00e9riel est ensuite mis \u00e0 disposition des \u00e9coles quand elles en ont besoin. \u00a0 \u00a0<\/p>\n","protected":false},"author":1,"featured_media":0,"parent":0,"menu_order":0,"comment_status":"closed","ping_status":"closed","template":"","meta":{"footnotes":""},"class_list":["post-23","page","type-page","status-publish","hentry"],"_links":{"self":[{"href":"http:\/\/www.ticeolivierdie.com\/olivier-erun\/wp-json\/wp\/v2\/pages\/23","targetHints":{"allow":["GET"]}}],"collection":[{"href":"http:\/\/www.ticeolivierdie.com\/olivier-erun\/wp-json\/wp\/v2\/pages"}],"about":[{"href":"http:\/\/www.ticeolivierdie.com\/olivier-erun\/wp-json\/wp\/v2\/types\/page"}],"author":[{"embeddable":true,"href":"http:\/\/www.ticeolivierdie.com\/olivier-erun\/wp-json\/wp\/v2\/users\/1"}],"replies":[{"embeddable":true,"href":"http:\/\/www.ticeolivierdie.com\/olivier-erun\/wp-json\/wp\/v2\/comments?post=23"}],"version-history":[{"count":11,"href":"http:\/\/www.ticeolivierdie.com\/olivier-erun\/wp-json\/wp\/v2\/pages\/23\/revisions"}],"predecessor-version":[{"id":2185,"href":"http:\/\/www.ticeolivierdie.com\/olivier-erun\/wp-json\/wp\/v2\/pages\/23\/revisions\/2185"}],"wp:attachment":[{"href":"http:\/\/www.ticeolivierdie.com\/olivier-erun\/wp-json\/wp\/v2\/media?parent=23"}],"curies":[{"name":"wp","href":"https:\/\/api.w.org\/{rel}","templated":true}]}}