{"id":2707,"date":"2020-04-28T17:48:12","date_gmt":"2020-04-28T15:48:12","guid":{"rendered":"http:\/\/www.ticeolivierdie.com\/olivier-erun\/?page_id=2707"},"modified":"2020-04-29T21:32:07","modified_gmt":"2020-04-29T19:32:07","slug":"logique-de-collection-cpce1-b","status":"publish","type":"page","link":"http:\/\/www.ticeolivierdie.com\/olivier-erun\/logique-de-collection-cpce1-b\/","title":{"rendered":"Logique de collection cpce1 b"},"content":{"rendered":"<p><a href=\"http:\/\/www.ticeolivierdie.com\/escapolivecpce1b.html\">Retour \u00e0 l&rsquo;accueil<\/a><\/p>\n<p><img loading=\"lazy\" decoding=\"async\" class=\"alignnone  wp-image-2709\" src=\"http:\/\/www.ticeolivierdie.com\/olivier-erun\/wp-content\/uploads\/lacqueyras-150x150.jpg\" alt=\"\" width=\"70\" height=\"70\" \/><\/p>\n<p>Une seule case des bonnes r\u00e9ponses correspond \u00e0 un nombre.<\/p>\n<p>Ce nombre te donnera une lettre.<\/p>\n<p><img loading=\"lazy\" decoding=\"async\" class=\"alignnone size-full wp-image-2708\" src=\"http:\/\/www.ticeolivierdie.com\/olivier-erun\/wp-content\/uploads\/tbleau-double-entree.png\" alt=\"\" width=\"808\" height=\"728\" srcset=\"http:\/\/www.ticeolivierdie.com\/olivier-erun\/wp-content\/uploads\/tbleau-double-entree.png 808w, http:\/\/www.ticeolivierdie.com\/olivier-erun\/wp-content\/uploads\/tbleau-double-entree-300x270.png 300w, http:\/\/www.ticeolivierdie.com\/olivier-erun\/wp-content\/uploads\/tbleau-double-entree-768x692.png 768w, http:\/\/www.ticeolivierdie.com\/olivier-erun\/wp-content\/uploads\/tbleau-double-entree-350x315.png 350w\" sizes=\"auto, (max-width: 808px) 100vw, 808px\" \/><\/p>\n<p><script src=\"https:\/\/www.w3counter.com\/tracker.js?id=131279\"><\/script><\/p>\n","protected":false},"excerpt":{"rendered":"<p>Retour \u00e0 l&rsquo;accueil Une seule case des bonnes r\u00e9ponses correspond \u00e0 un nombre. Ce nombre te donnera une lettre.<\/p>\n","protected":false},"author":1,"featured_media":0,"parent":0,"menu_order":0,"comment_status":"closed","ping_status":"closed","template":"","meta":{"footnotes":""},"class_list":["post-2707","page","type-page","status-publish","hentry"],"_links":{"self":[{"href":"http:\/\/www.ticeolivierdie.com\/olivier-erun\/wp-json\/wp\/v2\/pages\/2707","targetHints":{"allow":["GET"]}}],"collection":[{"href":"http:\/\/www.ticeolivierdie.com\/olivier-erun\/wp-json\/wp\/v2\/pages"}],"about":[{"href":"http:\/\/www.ticeolivierdie.com\/olivier-erun\/wp-json\/wp\/v2\/types\/page"}],"author":[{"embeddable":true,"href":"http:\/\/www.ticeolivierdie.com\/olivier-erun\/wp-json\/wp\/v2\/users\/1"}],"replies":[{"embeddable":true,"href":"http:\/\/www.ticeolivierdie.com\/olivier-erun\/wp-json\/wp\/v2\/comments?post=2707"}],"version-history":[{"count":3,"href":"http:\/\/www.ticeolivierdie.com\/olivier-erun\/wp-json\/wp\/v2\/pages\/2707\/revisions"}],"predecessor-version":[{"id":2813,"href":"http:\/\/www.ticeolivierdie.com\/olivier-erun\/wp-json\/wp\/v2\/pages\/2707\/revisions\/2813"}],"wp:attachment":[{"href":"http:\/\/www.ticeolivierdie.com\/olivier-erun\/wp-json\/wp\/v2\/media?parent=2707"}],"curies":[{"name":"wp","href":"https:\/\/api.w.org\/{rel}","templated":true}]}}