{"id":2713,"date":"2020-04-28T18:11:57","date_gmt":"2020-04-28T16:11:57","guid":{"rendered":"http:\/\/www.ticeolivierdie.com\/olivier-erun\/?page_id=2713"},"modified":"2020-04-29T21:25:16","modified_gmt":"2020-04-29T19:25:16","slug":"operation-addition-cpce1-b","status":"publish","type":"page","link":"http:\/\/www.ticeolivierdie.com\/olivier-erun\/operation-addition-cpce1-b\/","title":{"rendered":"Op\u00e9ration addition cpce1 b"},"content":{"rendered":"<p><a href=\"http:\/\/www.ticeolivierdie.com\/escapolivecpce1b.html\">Retour \u00e0 l&rsquo;accueil<\/a><\/p>\n<p><img loading=\"lazy\" decoding=\"async\" class=\"alignnone  wp-image-2715\" src=\"http:\/\/www.ticeolivierdie.com\/olivier-erun\/wp-content\/uploads\/colizoard-150x150.jpg\" alt=\"\" width=\"70\" height=\"70\" \/><\/p>\n<p>Trouve le r\u00e9sultat de cette addition.<\/p>\n<p>Note le r\u00e9sultat<\/p>\n<p><img loading=\"lazy\" decoding=\"async\" class=\"alignnone size-full wp-image-2714\" src=\"http:\/\/www.ticeolivierdie.com\/olivier-erun\/wp-content\/uploads\/addition-cpce1-b.png\" alt=\"\" width=\"314\" height=\"282\" srcset=\"http:\/\/www.ticeolivierdie.com\/olivier-erun\/wp-content\/uploads\/addition-cpce1-b.png 314w, http:\/\/www.ticeolivierdie.com\/olivier-erun\/wp-content\/uploads\/addition-cpce1-b-300x269.png 300w\" sizes=\"auto, (max-width: 314px) 100vw, 314px\" \/><\/p>\n<p><script src=\"https:\/\/www.w3counter.com\/tracker.js?id=131279\"><\/script><\/p>\n","protected":false},"excerpt":{"rendered":"<p>Retour \u00e0 l&rsquo;accueil Trouve le r\u00e9sultat de cette addition. Note le r\u00e9sultat<\/p>\n","protected":false},"author":1,"featured_media":0,"parent":0,"menu_order":0,"comment_status":"closed","ping_status":"closed","template":"","meta":{"footnotes":""},"class_list":["post-2713","page","type-page","status-publish","hentry"],"_links":{"self":[{"href":"http:\/\/www.ticeolivierdie.com\/olivier-erun\/wp-json\/wp\/v2\/pages\/2713","targetHints":{"allow":["GET"]}}],"collection":[{"href":"http:\/\/www.ticeolivierdie.com\/olivier-erun\/wp-json\/wp\/v2\/pages"}],"about":[{"href":"http:\/\/www.ticeolivierdie.com\/olivier-erun\/wp-json\/wp\/v2\/types\/page"}],"author":[{"embeddable":true,"href":"http:\/\/www.ticeolivierdie.com\/olivier-erun\/wp-json\/wp\/v2\/users\/1"}],"replies":[{"embeddable":true,"href":"http:\/\/www.ticeolivierdie.com\/olivier-erun\/wp-json\/wp\/v2\/comments?post=2713"}],"version-history":[{"count":3,"href":"http:\/\/www.ticeolivierdie.com\/olivier-erun\/wp-json\/wp\/v2\/pages\/2713\/revisions"}],"predecessor-version":[{"id":2801,"href":"http:\/\/www.ticeolivierdie.com\/olivier-erun\/wp-json\/wp\/v2\/pages\/2713\/revisions\/2801"}],"wp:attachment":[{"href":"http:\/\/www.ticeolivierdie.com\/olivier-erun\/wp-json\/wp\/v2\/media?parent=2713"}],"curies":[{"name":"wp","href":"https:\/\/api.w.org\/{rel}","templated":true}]}}