{"id":2750,"date":"2020-04-29T14:47:22","date_gmt":"2020-04-29T12:47:22","guid":{"rendered":"http:\/\/www.ticeolivierdie.com\/olivier-erun\/?page_id=2750"},"modified":"2020-04-29T21:30:31","modified_gmt":"2020-04-29T19:30:31","slug":"les-balances-cpce1-b","status":"publish","type":"page","link":"http:\/\/www.ticeolivierdie.com\/olivier-erun\/les-balances-cpce1-b\/","title":{"rendered":"les balances cpce1 b"},"content":{"rendered":"<p><a href=\"http:\/\/www.ticeolivierdie.com\/escapolivecpce1b.html\">Retour \u00e0 l&rsquo;accueil<\/a><\/p>\n<p><img loading=\"lazy\" decoding=\"async\" class=\"alignnone  wp-image-2751\" src=\"http:\/\/www.ticeolivierdie.com\/olivier-erun\/wp-content\/uploads\/fluerjaunerouge-150x150.jpg\" alt=\"\" width=\"70\" height=\"70\" \/><\/p>\n<p>Regarde attentivement cette vid\u00e9o et note le nombre qui correspond \u00e0 la bonne affirmation.<\/p>\n<p><iframe loading=\"lazy\" src=\"https:\/\/www.youtube.com\/embed\/Tok01Io4_xg?rel=0\" width=\"560\" height=\"315\" frameborder=\"0\" allowfullscreen=\"allowfullscreen\"><\/iframe><\/p>\n<p>1kg de plume p\u00e8se plus lourd qu&rsquo;1 kg de plomb = 15<\/p>\n<p>1kg de plomb p\u00e8se plus lourd qu&rsquo;1 kg de plume = 20<\/p>\n<p>1kg de plomb et un 1kg de plume p\u00e8sent le m\u00eame poids = 25<\/p>\n<p>La bonne r\u00e9ponse te donnera une lettre.<\/p>\n<p><script src=\"https:\/\/www.w3counter.com\/tracker.js?id=131279\"><\/script><\/p>\n","protected":false},"excerpt":{"rendered":"<p>Retour \u00e0 l&rsquo;accueil Regarde attentivement cette vid\u00e9o et note le nombre qui correspond \u00e0 la bonne affirmation. 1kg de plume p\u00e8se plus lourd qu&rsquo;1 kg de plomb = 15 1kg de plomb p\u00e8se plus lourd qu&rsquo;1 kg de plume = 20 1kg de plomb et un 1kg de plume p\u00e8sent le m\u00eame poids = 25 [&hellip;]<\/p>\n","protected":false},"author":1,"featured_media":0,"parent":0,"menu_order":0,"comment_status":"closed","ping_status":"closed","template":"","meta":{"footnotes":""},"class_list":["post-2750","page","type-page","status-publish","hentry"],"_links":{"self":[{"href":"http:\/\/www.ticeolivierdie.com\/olivier-erun\/wp-json\/wp\/v2\/pages\/2750","targetHints":{"allow":["GET"]}}],"collection":[{"href":"http:\/\/www.ticeolivierdie.com\/olivier-erun\/wp-json\/wp\/v2\/pages"}],"about":[{"href":"http:\/\/www.ticeolivierdie.com\/olivier-erun\/wp-json\/wp\/v2\/types\/page"}],"author":[{"embeddable":true,"href":"http:\/\/www.ticeolivierdie.com\/olivier-erun\/wp-json\/wp\/v2\/users\/1"}],"replies":[{"embeddable":true,"href":"http:\/\/www.ticeolivierdie.com\/olivier-erun\/wp-json\/wp\/v2\/comments?post=2750"}],"version-history":[{"count":5,"href":"http:\/\/www.ticeolivierdie.com\/olivier-erun\/wp-json\/wp\/v2\/pages\/2750\/revisions"}],"predecessor-version":[{"id":2810,"href":"http:\/\/www.ticeolivierdie.com\/olivier-erun\/wp-json\/wp\/v2\/pages\/2750\/revisions\/2810"}],"wp:attachment":[{"href":"http:\/\/www.ticeolivierdie.com\/olivier-erun\/wp-json\/wp\/v2\/media?parent=2750"}],"curies":[{"name":"wp","href":"https:\/\/api.w.org\/{rel}","templated":true}]}}