{"id":2763,"date":"2020-04-29T15:17:11","date_gmt":"2020-04-29T13:17:11","guid":{"rendered":"http:\/\/www.ticeolivierdie.com\/olivier-erun\/?page_id=2763"},"modified":"2020-04-29T21:29:57","modified_gmt":"2020-04-29T19:29:57","slug":"lecture-bouzou-cpce1-b","status":"publish","type":"page","link":"http:\/\/www.ticeolivierdie.com\/olivier-erun\/lecture-bouzou-cpce1-b\/","title":{"rendered":"Lecture Bouzou cpce1 b"},"content":{"rendered":"<p><a href=\"http:\/\/www.ticeolivierdie.com\/escapolivecpce1b.html\">Retour \u00e0 l&rsquo;accueil<\/a><\/p>\n<p><img loading=\"lazy\" decoding=\"async\" class=\"alignnone  wp-image-2764\" src=\"http:\/\/www.ticeolivierdie.com\/olivier-erun\/wp-content\/uploads\/fleurnavache-150x150.jpg\" alt=\"\" width=\"70\" height=\"70\" \/><\/p>\n<p>Lis ce texte:<\/p>\n<p><img loading=\"lazy\" decoding=\"async\" class=\"alignnone size-full wp-image-2765\" src=\"http:\/\/www.ticeolivierdie.com\/olivier-erun\/wp-content\/uploads\/bouzou.jpeg\" alt=\"\" width=\"1304\" height=\"1206\" srcset=\"http:\/\/www.ticeolivierdie.com\/olivier-erun\/wp-content\/uploads\/bouzou.jpeg 1304w, http:\/\/www.ticeolivierdie.com\/olivier-erun\/wp-content\/uploads\/bouzou-300x277.jpeg 300w, http:\/\/www.ticeolivierdie.com\/olivier-erun\/wp-content\/uploads\/bouzou-768x710.jpeg 768w, http:\/\/www.ticeolivierdie.com\/olivier-erun\/wp-content\/uploads\/bouzou-1024x947.jpeg 1024w, http:\/\/www.ticeolivierdie.com\/olivier-erun\/wp-content\/uploads\/bouzou-350x324.jpeg 350w\" sizes=\"auto, (max-width: 1304px) 100vw, 1304px\" \/><\/p>\n<p>Note le num\u00e9ro du cadre qui correspond \u00e0 l&rsquo;histoire.<\/p>\n<p>Cadre 1<\/p>\n<p><img loading=\"lazy\" decoding=\"async\" class=\"alignnone size-full wp-image-2768\" src=\"http:\/\/www.ticeolivierdie.com\/olivier-erun\/wp-content\/uploads\/Capture-d\u2019\u00e9cran-2020-04-29-\u00e0-15.13.22.png\" alt=\"\" width=\"616\" height=\"352\" srcset=\"http:\/\/www.ticeolivierdie.com\/olivier-erun\/wp-content\/uploads\/Capture-d\u2019\u00e9cran-2020-04-29-\u00e0-15.13.22.png 616w, http:\/\/www.ticeolivierdie.com\/olivier-erun\/wp-content\/uploads\/Capture-d\u2019\u00e9cran-2020-04-29-\u00e0-15.13.22-300x171.png 300w, http:\/\/www.ticeolivierdie.com\/olivier-erun\/wp-content\/uploads\/Capture-d\u2019\u00e9cran-2020-04-29-\u00e0-15.13.22-350x200.png 350w\" sizes=\"auto, (max-width: 616px) 100vw, 616px\" \/><\/p>\n<p>Cadre 2<\/p>\n<p><img loading=\"lazy\" decoding=\"async\" class=\"alignnone size-full wp-image-2769\" src=\"http:\/\/www.ticeolivierdie.com\/olivier-erun\/wp-content\/uploads\/Capture-d\u2019\u00e9cran-2020-04-29-\u00e0-15.13.28.png\" alt=\"\" width=\"610\" height=\"349\" srcset=\"http:\/\/www.ticeolivierdie.com\/olivier-erun\/wp-content\/uploads\/Capture-d\u2019\u00e9cran-2020-04-29-\u00e0-15.13.28.png 610w, http:\/\/www.ticeolivierdie.com\/olivier-erun\/wp-content\/uploads\/Capture-d\u2019\u00e9cran-2020-04-29-\u00e0-15.13.28-300x172.png 300w, http:\/\/www.ticeolivierdie.com\/olivier-erun\/wp-content\/uploads\/Capture-d\u2019\u00e9cran-2020-04-29-\u00e0-15.13.28-350x200.png 350w\" sizes=\"auto, (max-width: 610px) 100vw, 610px\" \/><\/p>\n<p>Cadre 3<\/p>\n<p><img loading=\"lazy\" decoding=\"async\" class=\"alignnone size-full wp-image-2770\" src=\"http:\/\/www.ticeolivierdie.com\/olivier-erun\/wp-content\/uploads\/Capture-d\u2019\u00e9cran-2020-04-29-\u00e0-15.13.37.png\" alt=\"\" width=\"611\" height=\"351\" srcset=\"http:\/\/www.ticeolivierdie.com\/olivier-erun\/wp-content\/uploads\/Capture-d\u2019\u00e9cran-2020-04-29-\u00e0-15.13.37.png 611w, http:\/\/www.ticeolivierdie.com\/olivier-erun\/wp-content\/uploads\/Capture-d\u2019\u00e9cran-2020-04-29-\u00e0-15.13.37-300x172.png 300w, http:\/\/www.ticeolivierdie.com\/olivier-erun\/wp-content\/uploads\/Capture-d\u2019\u00e9cran-2020-04-29-\u00e0-15.13.37-350x201.png 350w\" sizes=\"auto, (max-width: 611px) 100vw, 611px\" \/><\/p>\n<p>Cadre 4<\/p>\n<p><img loading=\"lazy\" decoding=\"async\" class=\"alignnone size-full wp-image-2771\" src=\"http:\/\/www.ticeolivierdie.com\/olivier-erun\/wp-content\/uploads\/Capture-d\u2019\u00e9cran-2020-04-29-\u00e0-15.13.44.png\" alt=\"\" width=\"612\" height=\"352\" srcset=\"http:\/\/www.ticeolivierdie.com\/olivier-erun\/wp-content\/uploads\/Capture-d\u2019\u00e9cran-2020-04-29-\u00e0-15.13.44.png 612w, http:\/\/www.ticeolivierdie.com\/olivier-erun\/wp-content\/uploads\/Capture-d\u2019\u00e9cran-2020-04-29-\u00e0-15.13.44-300x173.png 300w, http:\/\/www.ticeolivierdie.com\/olivier-erun\/wp-content\/uploads\/Capture-d\u2019\u00e9cran-2020-04-29-\u00e0-15.13.44-350x201.png 350w\" sizes=\"auto, (max-width: 612px) 100vw, 612px\" \/><\/p>\n<p><script src=\"https:\/\/www.w3counter.com\/tracker.js?id=131279\"><\/script><\/p>\n","protected":false},"excerpt":{"rendered":"<p>Retour \u00e0 l&rsquo;accueil Lis ce texte: Note le num\u00e9ro du cadre qui correspond \u00e0 l&rsquo;histoire. Cadre 1 Cadre 2 Cadre 3 Cadre 4<\/p>\n","protected":false},"author":1,"featured_media":0,"parent":0,"menu_order":0,"comment_status":"closed","ping_status":"closed","template":"","meta":{"footnotes":""},"class_list":["post-2763","page","type-page","status-publish","hentry"],"_links":{"self":[{"href":"http:\/\/www.ticeolivierdie.com\/olivier-erun\/wp-json\/wp\/v2\/pages\/2763","targetHints":{"allow":["GET"]}}],"collection":[{"href":"http:\/\/www.ticeolivierdie.com\/olivier-erun\/wp-json\/wp\/v2\/pages"}],"about":[{"href":"http:\/\/www.ticeolivierdie.com\/olivier-erun\/wp-json\/wp\/v2\/types\/page"}],"author":[{"embeddable":true,"href":"http:\/\/www.ticeolivierdie.com\/olivier-erun\/wp-json\/wp\/v2\/users\/1"}],"replies":[{"embeddable":true,"href":"http:\/\/www.ticeolivierdie.com\/olivier-erun\/wp-json\/wp\/v2\/comments?post=2763"}],"version-history":[{"count":4,"href":"http:\/\/www.ticeolivierdie.com\/olivier-erun\/wp-json\/wp\/v2\/pages\/2763\/revisions"}],"predecessor-version":[{"id":2808,"href":"http:\/\/www.ticeolivierdie.com\/olivier-erun\/wp-json\/wp\/v2\/pages\/2763\/revisions\/2808"}],"wp:attachment":[{"href":"http:\/\/www.ticeolivierdie.com\/olivier-erun\/wp-json\/wp\/v2\/media?parent=2763"}],"curies":[{"name":"wp","href":"https:\/\/api.w.org\/{rel}","templated":true}]}}