{"id":2775,"date":"2020-04-29T16:02:07","date_gmt":"2020-04-29T14:02:07","guid":{"rendered":"http:\/\/www.ticeolivierdie.com\/olivier-erun\/?page_id=2775"},"modified":"2020-05-02T08:41:19","modified_gmt":"2020-05-02T06:41:19","slug":"tu-as-un-message-cpce1-b","status":"publish","type":"page","link":"http:\/\/www.ticeolivierdie.com\/olivier-erun\/tu-as-un-message-cpce1-b\/","title":{"rendered":"Tu as un message cpce1 b"},"content":{"rendered":"<p><a href=\"http:\/\/www.ticeolivierdie.com\/escapolivecpce1b.html\">Retour \u00e0 l&rsquo;accueil<\/a><\/p>\n<p><img loading=\"lazy\" decoding=\"async\" class=\"alignnone  wp-image-2776\" src=\"http:\/\/www.ticeolivierdie.com\/olivier-erun\/wp-content\/uploads\/toilearaigne-150x150.jpg\" alt=\"\" width=\"70\" height=\"70\" \/><\/p>\n<p>Cherche mes amis, ils se cachent dans la vigne. Clique sur eux, ils ont un message pour toi.<\/p>\n<p>Si tu cliques sur les 3 petits points en bas \u00e0 droite tu peux afficher l&rsquo;image en plein \u00e9cran. Pour revenir, tu appuies sur escape ESC ou \u00e0 nouveau sur les 3 petits points.<\/p>\n<p>Sur tablette, lorsqu&rsquo;on passe en plein \u00e9cran, cela ouvre une autre page. Il faut donc fermer cette page pour revenir \u00e0 la page de d\u00e9part.<\/p>\n<div style=\"width: 100%;\">\n<div style=\"position: relative; padding-bottom: 56.25%; padding-top: 0; height: 0;\"><iframe loading=\"lazy\" style=\"position: absolute; top: 0; left: 0; width: 100%; height: 100%;\" src=\"https:\/\/view.genial.ly\/5ea980cebcafac0d9fde447f\" width=\"1200px\" height=\"675px\" frameborder=\"0\" scrolling=\"yes\" allowfullscreen=\"allowfullscreen\"><\/iframe><\/div>\n<\/div>\n<p><script src=\"https:\/\/www.w3counter.com\/tracker.js?id=131279\"><\/script><\/p>\n","protected":false},"excerpt":{"rendered":"<p>Retour \u00e0 l&rsquo;accueil Cherche mes amis, ils se cachent dans la vigne. Clique sur eux, ils ont un message pour toi. Si tu cliques sur les 3 petits points en bas \u00e0 droite tu peux afficher l&rsquo;image en plein \u00e9cran. Pour revenir, tu appuies sur escape ESC ou \u00e0 nouveau sur les 3 petits points. [&hellip;]<\/p>\n","protected":false},"author":1,"featured_media":0,"parent":0,"menu_order":0,"comment_status":"closed","ping_status":"closed","template":"","meta":{"footnotes":""},"class_list":["post-2775","page","type-page","status-publish","hentry"],"_links":{"self":[{"href":"http:\/\/www.ticeolivierdie.com\/olivier-erun\/wp-json\/wp\/v2\/pages\/2775","targetHints":{"allow":["GET"]}}],"collection":[{"href":"http:\/\/www.ticeolivierdie.com\/olivier-erun\/wp-json\/wp\/v2\/pages"}],"about":[{"href":"http:\/\/www.ticeolivierdie.com\/olivier-erun\/wp-json\/wp\/v2\/types\/page"}],"author":[{"embeddable":true,"href":"http:\/\/www.ticeolivierdie.com\/olivier-erun\/wp-json\/wp\/v2\/users\/1"}],"replies":[{"embeddable":true,"href":"http:\/\/www.ticeolivierdie.com\/olivier-erun\/wp-json\/wp\/v2\/comments?post=2775"}],"version-history":[{"count":6,"href":"http:\/\/www.ticeolivierdie.com\/olivier-erun\/wp-json\/wp\/v2\/pages\/2775\/revisions"}],"predecessor-version":[{"id":2991,"href":"http:\/\/www.ticeolivierdie.com\/olivier-erun\/wp-json\/wp\/v2\/pages\/2775\/revisions\/2991"}],"wp:attachment":[{"href":"http:\/\/www.ticeolivierdie.com\/olivier-erun\/wp-json\/wp\/v2\/media?parent=2775"}],"curies":[{"name":"wp","href":"https:\/\/api.w.org\/{rel}","templated":true}]}}