{"id":2879,"date":"2020-04-30T21:13:42","date_gmt":"2020-04-30T19:13:42","guid":{"rendered":"http:\/\/www.ticeolivierdie.com\/olivier-erun\/?page_id=2879"},"modified":"2020-05-01T21:10:40","modified_gmt":"2020-05-01T19:10:40","slug":"probleme-de-maths-ce2b","status":"publish","type":"page","link":"http:\/\/www.ticeolivierdie.com\/olivier-erun\/probleme-de-maths-ce2b\/","title":{"rendered":"Probl\u00e8me de maths ce2b"},"content":{"rendered":"<div class=\"page\" title=\"Page 1\">\n<div class=\"layoutArea\">\n<div class=\"column\">\n<p><a href=\"http:\/\/www.ticeolivierdie.com\/escapolivece2b.html\">Retour \u00e0 la page d&rsquo;accueil<\/a><\/p>\n<p><img loading=\"lazy\" decoding=\"async\" class=\"alignnone  wp-image-2880\" src=\"http:\/\/www.ticeolivierdie.com\/olivier-erun\/wp-content\/uploads\/verdier-150x150.jpg\" alt=\"\" width=\"70\" height=\"70\" \/><\/p>\n<p>St\u00e9phanie met une demi-heure pour se lever, se laver et s\u2019habiller. Pour prendre le petit d\u00e9jeuner, il lui faut un quart d\u2019heure. Le trajet de sa maison au coll\u00e8ge dure 20 minutes.<br \/>\n&#8211; A quelle heure doit-elle mettre \u00e0 sonner son r\u00e9veil pour arriver 5 minutes avant le d\u00e9but des cours \u00e0 9 h ?<\/p>\n<p>Trouve la bonne r\u00e9ponse et note le nombre de points, il te donnera une lettre.<\/p>\n<\/div>\n<p>7 H 10 \u00a0= 3<\/p>\n<p>7 H 20 \u00a0= 5<\/p>\n<p>7 H 30 = 7<\/p>\n<p>7 H 40 = 9<\/p>\n<p>7 H 50 = 11<\/p>\n<p>8 H 00 = 13<\/p>\n<p>8 H 10 = 15<\/p>\n<p>8 H 20 = \u00a017<\/p>\n<\/div>\n<p><script src=\"https:\/\/www.w3counter.com\/tracker.js?id=131279\"><\/script><\/p>\n<\/div>\n","protected":false},"excerpt":{"rendered":"<p>Retour \u00e0 la page d&rsquo;accueil St\u00e9phanie met une demi-heure pour se lever, se laver et s\u2019habiller. Pour prendre le petit d\u00e9jeuner, il lui faut un quart d\u2019heure. Le trajet de sa maison au coll\u00e8ge dure 20 minutes. &#8211; A quelle heure doit-elle mettre \u00e0 sonner son r\u00e9veil pour arriver 5 minutes avant le d\u00e9but des [&hellip;]<\/p>\n","protected":false},"author":1,"featured_media":0,"parent":0,"menu_order":0,"comment_status":"closed","ping_status":"closed","template":"","meta":{"footnotes":""},"class_list":["post-2879","page","type-page","status-publish","hentry"],"_links":{"self":[{"href":"http:\/\/www.ticeolivierdie.com\/olivier-erun\/wp-json\/wp\/v2\/pages\/2879","targetHints":{"allow":["GET"]}}],"collection":[{"href":"http:\/\/www.ticeolivierdie.com\/olivier-erun\/wp-json\/wp\/v2\/pages"}],"about":[{"href":"http:\/\/www.ticeolivierdie.com\/olivier-erun\/wp-json\/wp\/v2\/types\/page"}],"author":[{"embeddable":true,"href":"http:\/\/www.ticeolivierdie.com\/olivier-erun\/wp-json\/wp\/v2\/users\/1"}],"replies":[{"embeddable":true,"href":"http:\/\/www.ticeolivierdie.com\/olivier-erun\/wp-json\/wp\/v2\/comments?post=2879"}],"version-history":[{"count":4,"href":"http:\/\/www.ticeolivierdie.com\/olivier-erun\/wp-json\/wp\/v2\/pages\/2879\/revisions"}],"predecessor-version":[{"id":2981,"href":"http:\/\/www.ticeolivierdie.com\/olivier-erun\/wp-json\/wp\/v2\/pages\/2879\/revisions\/2981"}],"wp:attachment":[{"href":"http:\/\/www.ticeolivierdie.com\/olivier-erun\/wp-json\/wp\/v2\/media?parent=2879"}],"curies":[{"name":"wp","href":"https:\/\/api.w.org\/{rel}","templated":true}]}}