{"id":2882,"date":"2020-04-30T22:03:04","date_gmt":"2020-04-30T20:03:04","guid":{"rendered":"http:\/\/www.ticeolivierdie.com\/olivier-erun\/?page_id=2882"},"modified":"2020-05-01T20:04:25","modified_gmt":"2020-05-01T18:04:25","slug":"007-en-famille-ce2b","status":"publish","type":"page","link":"http:\/\/www.ticeolivierdie.com\/olivier-erun\/007-en-famille-ce2b\/","title":{"rendered":"007 en famille ce2b"},"content":{"rendered":"<p><a href=\"http:\/\/www.ticeolivierdie.com\/escapolivece2b.html\">Retour \u00e0 la page d&rsquo;accueil<\/a><\/p>\n<p><img loading=\"lazy\" decoding=\"async\" class=\"alignnone  wp-image-2883\" src=\"http:\/\/www.ticeolivierdie.com\/olivier-erun\/wp-content\/uploads\/mesangenoire-150x150.jpg\" alt=\"\" width=\"70\" height=\"70\" \/><\/p>\n<p><span style=\"font-size: 24px;\">Lis ce texte<\/span><\/p>\n<p><span style=\"font-size: 24px;\">Ce mardi-l\u00e0, je suis rentr\u00e9e \u00e0 la maison d\u00e9sesp\u00e9r\u00e9e. J&rsquo;avais eu 2 sur 10 en conjugaison. Pourtant, j&rsquo;avais tout bien trouv\u00e9 le pass\u00e9 compos\u00e9 des verbes : \u00ab\u00a0nous avons all\u00e9s, j&rsquo;ai tomb\u00e9\u00a0\u00bb. Mais madame Maillard a \u00e9crit sur ma feuille : \u00ab\u00a0C&rsquo;est \u00e0 revoir !\u00a0\u00bb Elle n&rsquo;est jamais contente, cette ma\u00eetresse !<\/span><\/p>\n<p><span style=\"font-size: 24px;\">J&rsquo;ai pos\u00e9 ma feuille de conjugaison sur mon bureau. Le plus ennuyeux, c&rsquo;est que madame Maillard veut que les parents signent les contr\u00f4les. Papa allait encore faire des histoires parce que je regarde trop Fant\u00f4mette \u00e0 la t\u00e9l\u00e9vision au lieu d&rsquo;apprendre mes le\u00e7ons. Et si j&rsquo;imitais la signature de maman ?<\/span><\/p>\n<p><span style=\"font-size: 24px;\">J&rsquo;ai entendu claquer la porte d&rsquo;entr\u00e9e. J&rsquo;ai cru que c&rsquo;\u00e9tait maman. Hop, j&rsquo;ai cach\u00e9 ma feuille de contr\u00f4le dans ma bande dessin\u00e9e de Boule et Bill. Tout de suite apr\u00e8s , j&rsquo;ai r\u00e9fl\u00e9chi que \u00e7a ne pourrai pas \u00eatre maman. Il \u00e9tait trop t\u00f4t. Ce n&rsquo;\u00e9tait pas non plus ma soeur. Je l&rsquo;entendais rire avec sa copine de l&rsquo;autre c\u00f4t\u00e9 de mon mur. Alors, par d\u00e9duction, je me suis dit que c&rsquo;\u00e9tait mon fr\u00e8re a\u00een\u00e9. Je connais le mot \u00ab\u00a0d\u00e9duction\u00a0\u00bb parce que, comme m\u00e9tier plus tard, je veux faire espionne. Mon fr\u00e8re m&rsquo;appelle 007, comme James Bond.<\/span><\/p>\n<p>(extrait de l&rsquo;espionne passe \u00e0 l&rsquo;action de Marie-Aude Murail j&rsquo;aime lire N\u00b0 304)<\/p>\n<p><span style=\"font-size: 24px;\">Une seule affirmation est vraie,<\/span><\/p>\n<p><span style=\"font-size: 24px;\">note le nombre associ\u00e9,<\/span><\/p>\n<p><span style=\"font-size: 24px;\">il te donnera une lettre<\/span>.<\/p>\n<p><span style=\"font-size: 24px;\">Ce jour la c&rsquo;est mercredi. = 8<\/span><\/p>\n<p><span style=\"font-size: 24px;\">La ma\u00eetresse s&rsquo;appelle madame Mollard = 10<\/span><\/p>\n<p><span style=\"font-size: 24px;\">Son papa regarde Fant\u00f4mette = 12<\/span><\/p>\n<p><span style=\"font-size: 24px;\">Elle cache son contr\u00f4le dans une bande dessin\u00e9e = 14<\/span><\/p>\n<p><span style=\"font-size: 24px;\">Son fr\u00e8re s&rsquo;appelle James Bond = 16<\/span><\/p>\n<p><script src=\"https:\/\/www.w3counter.com\/tracker.js?id=131279\"><\/script><\/p>\n","protected":false},"excerpt":{"rendered":"<p>Retour \u00e0 la page d&rsquo;accueil Lis ce texte Ce mardi-l\u00e0, je suis rentr\u00e9e \u00e0 la maison d\u00e9sesp\u00e9r\u00e9e. J&rsquo;avais eu 2 sur 10 en conjugaison. Pourtant, j&rsquo;avais tout bien trouv\u00e9 le pass\u00e9 compos\u00e9 des verbes : \u00ab\u00a0nous avons all\u00e9s, j&rsquo;ai tomb\u00e9\u00a0\u00bb. Mais madame Maillard a \u00e9crit sur ma feuille : \u00ab\u00a0C&rsquo;est \u00e0 revoir !\u00a0\u00bb Elle n&rsquo;est [&hellip;]<\/p>\n","protected":false},"author":1,"featured_media":0,"parent":0,"menu_order":0,"comment_status":"closed","ping_status":"closed","template":"","meta":{"footnotes":""},"class_list":["post-2882","page","type-page","status-publish","hentry"],"_links":{"self":[{"href":"http:\/\/www.ticeolivierdie.com\/olivier-erun\/wp-json\/wp\/v2\/pages\/2882","targetHints":{"allow":["GET"]}}],"collection":[{"href":"http:\/\/www.ticeolivierdie.com\/olivier-erun\/wp-json\/wp\/v2\/pages"}],"about":[{"href":"http:\/\/www.ticeolivierdie.com\/olivier-erun\/wp-json\/wp\/v2\/types\/page"}],"author":[{"embeddable":true,"href":"http:\/\/www.ticeolivierdie.com\/olivier-erun\/wp-json\/wp\/v2\/users\/1"}],"replies":[{"embeddable":true,"href":"http:\/\/www.ticeolivierdie.com\/olivier-erun\/wp-json\/wp\/v2\/comments?post=2882"}],"version-history":[{"count":7,"href":"http:\/\/www.ticeolivierdie.com\/olivier-erun\/wp-json\/wp\/v2\/pages\/2882\/revisions"}],"predecessor-version":[{"id":2973,"href":"http:\/\/www.ticeolivierdie.com\/olivier-erun\/wp-json\/wp\/v2\/pages\/2882\/revisions\/2973"}],"wp:attachment":[{"href":"http:\/\/www.ticeolivierdie.com\/olivier-erun\/wp-json\/wp\/v2\/media?parent=2882"}],"curies":[{"name":"wp","href":"https:\/\/api.w.org\/{rel}","templated":true}]}}