{"id":2897,"date":"2020-05-01T12:28:54","date_gmt":"2020-05-01T10:28:54","guid":{"rendered":"http:\/\/www.ticeolivierdie.com\/olivier-erun\/?page_id=2897"},"modified":"2020-05-02T08:38:25","modified_gmt":"2020-05-02T06:38:25","slug":"un-peu-de-musique-ce2b","status":"publish","type":"page","link":"http:\/\/www.ticeolivierdie.com\/olivier-erun\/un-peu-de-musique-ce2b\/","title":{"rendered":"un peu de musique ce2b"},"content":{"rendered":"<p><a href=\"http:\/\/www.ticeolivierdie.com\/escapolivece2b.html\">Retour \u00e0 la page d&rsquo;accueil<\/a><\/p>\n<p><img loading=\"lazy\" decoding=\"async\" class=\"alignnone  wp-image-2898\" src=\"http:\/\/www.ticeolivierdie.com\/olivier-erun\/wp-content\/uploads\/serin-150x150.jpg\" alt=\"\" width=\"70\" height=\"70\" \/><\/p>\n<p>Combien y a t&rsquo;il d&rsquo;instruments de musique diff\u00e9rents dans ce morceau ?<\/p>\n<p>Attention ouvre bien tes oreilles. Chaque instrument joue toujours le m\u00eame morceau.<\/p>\n<p>Note le nombre<\/p>\n<audio class=\"wp-audio-shortcode\" id=\"audio-2897-1\" preload=\"none\" style=\"width: 100%;\" controls=\"controls\"><source type=\"audio\/mpeg\" src=\"http:\/\/www.ticeolivierdie.com\/olivier-erun\/wp-content\/uploads\/musiquece2b.mp3?_=1\" \/><a href=\"http:\/\/www.ticeolivierdie.com\/olivier-erun\/wp-content\/uploads\/musiquece2b.mp3\">http:\/\/www.ticeolivierdie.com\/olivier-erun\/wp-content\/uploads\/musiquece2b.mp3<\/a><\/audio>\n<p><script src=\"https:\/\/www.w3counter.com\/tracker.js?id=131279\"><\/script><\/p>\n","protected":false},"excerpt":{"rendered":"<p>Retour \u00e0 la page d&rsquo;accueil Combien y a t&rsquo;il d&rsquo;instruments de musique diff\u00e9rents dans ce morceau ? Attention ouvre bien tes oreilles. Chaque instrument joue toujours le m\u00eame morceau. Note le nombre<\/p>\n","protected":false},"author":1,"featured_media":0,"parent":0,"menu_order":0,"comment_status":"closed","ping_status":"closed","template":"","meta":{"footnotes":""},"class_list":["post-2897","page","type-page","status-publish","hentry"],"_links":{"self":[{"href":"http:\/\/www.ticeolivierdie.com\/olivier-erun\/wp-json\/wp\/v2\/pages\/2897","targetHints":{"allow":["GET"]}}],"collection":[{"href":"http:\/\/www.ticeolivierdie.com\/olivier-erun\/wp-json\/wp\/v2\/pages"}],"about":[{"href":"http:\/\/www.ticeolivierdie.com\/olivier-erun\/wp-json\/wp\/v2\/types\/page"}],"author":[{"embeddable":true,"href":"http:\/\/www.ticeolivierdie.com\/olivier-erun\/wp-json\/wp\/v2\/users\/1"}],"replies":[{"embeddable":true,"href":"http:\/\/www.ticeolivierdie.com\/olivier-erun\/wp-json\/wp\/v2\/comments?post=2897"}],"version-history":[{"count":6,"href":"http:\/\/www.ticeolivierdie.com\/olivier-erun\/wp-json\/wp\/v2\/pages\/2897\/revisions"}],"predecessor-version":[{"id":2987,"href":"http:\/\/www.ticeolivierdie.com\/olivier-erun\/wp-json\/wp\/v2\/pages\/2897\/revisions\/2987"}],"wp:attachment":[{"href":"http:\/\/www.ticeolivierdie.com\/olivier-erun\/wp-json\/wp\/v2\/media?parent=2897"}],"curies":[{"name":"wp","href":"https:\/\/api.w.org\/{rel}","templated":true}]}}