{"id":2905,"date":"2020-05-01T15:42:28","date_gmt":"2020-05-01T13:42:28","guid":{"rendered":"http:\/\/www.ticeolivierdie.com\/olivier-erun\/?page_id=2905"},"modified":"2020-05-02T08:40:08","modified_gmt":"2020-05-02T06:40:08","slug":"tu-as-un-message-ce2b","status":"publish","type":"page","link":"http:\/\/www.ticeolivierdie.com\/olivier-erun\/tu-as-un-message-ce2b\/","title":{"rendered":"tu as un message ce2b"},"content":{"rendered":"<p><a href=\"http:\/\/www.ticeolivierdie.com\/escapolivece2b.html\">Retour \u00e0 la page d&rsquo;accueil<\/a><\/p>\n<p><img loading=\"lazy\" decoding=\"async\" class=\"alignnone  wp-image-2906\" src=\"http:\/\/www.ticeolivierdie.com\/olivier-erun\/wp-content\/uploads\/touterelle-150x150.jpg\" alt=\"\" width=\"70\" height=\"70\" \/><\/p>\n<p>Sur ce plan d&rsquo;eau se cachent des flamants roses. Trouve-les, ils ont un message pour toi.<\/p>\n<p>Tu peux appuyer sur les 3 petits points en bas \u00e0 droite pour mettre l&rsquo;image en plein \u00e9cran.<\/p>\n<p>Pour revenir, tu peux appuyer sur la touche ESC ou \u00e0 nouveau sur les 3 petits points.<\/p>\n<p>Sur tablette, lorsqu&rsquo;on passe en plein \u00e9cran, cela ouvre une autre page. Il faut donc fermer cette page pour revenir \u00e0 la page de d\u00e9part.<\/p>\n<div style=\"width: 100%;\">\n<div style=\"position: relative; padding-bottom: 56.25%; padding-top: 0; height: 0;\"><iframe loading=\"lazy\" style=\"position: absolute; top: 0; left: 0; width: 100%; height: 100%;\" src=\"https:\/\/view.genial.ly\/5eac1cb97b8ef50d76d1bee9\" width=\"1200px\" height=\"675px\" frameborder=\"0\" scrolling=\"yes\" allowfullscreen=\"allowfullscreen\"><\/iframe><\/div>\n<\/div>\n<p><script src=\"https:\/\/www.w3counter.com\/tracker.js?id=131279\"><\/script><\/p>\n","protected":false},"excerpt":{"rendered":"<p>Retour \u00e0 la page d&rsquo;accueil Sur ce plan d&rsquo;eau se cachent des flamants roses. Trouve-les, ils ont un message pour toi. Tu peux appuyer sur les 3 petits points en bas \u00e0 droite pour mettre l&rsquo;image en plein \u00e9cran. Pour revenir, tu peux appuyer sur la touche ESC ou \u00e0 nouveau sur les 3 petits [&hellip;]<\/p>\n","protected":false},"author":1,"featured_media":0,"parent":0,"menu_order":0,"comment_status":"closed","ping_status":"closed","template":"","meta":{"footnotes":""},"class_list":["post-2905","page","type-page","status-publish","hentry"],"_links":{"self":[{"href":"http:\/\/www.ticeolivierdie.com\/olivier-erun\/wp-json\/wp\/v2\/pages\/2905","targetHints":{"allow":["GET"]}}],"collection":[{"href":"http:\/\/www.ticeolivierdie.com\/olivier-erun\/wp-json\/wp\/v2\/pages"}],"about":[{"href":"http:\/\/www.ticeolivierdie.com\/olivier-erun\/wp-json\/wp\/v2\/types\/page"}],"author":[{"embeddable":true,"href":"http:\/\/www.ticeolivierdie.com\/olivier-erun\/wp-json\/wp\/v2\/users\/1"}],"replies":[{"embeddable":true,"href":"http:\/\/www.ticeolivierdie.com\/olivier-erun\/wp-json\/wp\/v2\/comments?post=2905"}],"version-history":[{"count":5,"href":"http:\/\/www.ticeolivierdie.com\/olivier-erun\/wp-json\/wp\/v2\/pages\/2905\/revisions"}],"predecessor-version":[{"id":2989,"href":"http:\/\/www.ticeolivierdie.com\/olivier-erun\/wp-json\/wp\/v2\/pages\/2905\/revisions\/2989"}],"wp:attachment":[{"href":"http:\/\/www.ticeolivierdie.com\/olivier-erun\/wp-json\/wp\/v2\/media?parent=2905"}],"curies":[{"name":"wp","href":"https:\/\/api.w.org\/{rel}","templated":true}]}}