{"id":2921,"date":"2020-05-01T16:33:26","date_gmt":"2020-05-01T14:33:26","guid":{"rendered":"http:\/\/www.ticeolivierdie.com\/olivier-erun\/?page_id=2921"},"modified":"2020-05-01T21:07:05","modified_gmt":"2020-05-01T19:07:05","slug":"les-aliments-ce2b","status":"publish","type":"page","link":"http:\/\/www.ticeolivierdie.com\/olivier-erun\/les-aliments-ce2b\/","title":{"rendered":"Les aliments ce2b"},"content":{"rendered":"<p><a href=\"http:\/\/www.ticeolivierdie.com\/escapolivece2b.html\">Retour \u00e0 la page d&rsquo;accueil<\/a><\/p>\n<p><img loading=\"lazy\" decoding=\"async\" class=\"alignnone  wp-image-2922\" src=\"http:\/\/www.ticeolivierdie.com\/olivier-erun\/wp-content\/uploads\/mesangecharbonniere-150x150.jpg\" alt=\"\" width=\"70\" height=\"70\" \/><\/p>\n<p>Regarde cette vid\u00e9o et r\u00e9ponds \u00e0 la question.<\/p>\n<p><iframe loading=\"lazy\" src=\"https:\/\/www.youtube.com\/embed\/Wt1KMiD-k0c?rel=0\" width=\"560\" height=\"315\" frameborder=\"0\" allowfullscreen=\"allowfullscreen\"><\/iframe><\/p>\n<p>Combien y t&rsquo;il de sortes d&rsquo;aliments ?<\/p>\n<p><script src=\"https:\/\/www.w3counter.com\/tracker.js?id=131279\"><\/script><\/p>\n","protected":false},"excerpt":{"rendered":"<p>Retour \u00e0 la page d&rsquo;accueil Regarde cette vid\u00e9o et r\u00e9ponds \u00e0 la question. Combien y t&rsquo;il de sortes d&rsquo;aliments ?<\/p>\n","protected":false},"author":1,"featured_media":0,"parent":0,"menu_order":0,"comment_status":"closed","ping_status":"closed","template":"","meta":{"footnotes":""},"class_list":["post-2921","page","type-page","status-publish","hentry"],"_links":{"self":[{"href":"http:\/\/www.ticeolivierdie.com\/olivier-erun\/wp-json\/wp\/v2\/pages\/2921","targetHints":{"allow":["GET"]}}],"collection":[{"href":"http:\/\/www.ticeolivierdie.com\/olivier-erun\/wp-json\/wp\/v2\/pages"}],"about":[{"href":"http:\/\/www.ticeolivierdie.com\/olivier-erun\/wp-json\/wp\/v2\/types\/page"}],"author":[{"embeddable":true,"href":"http:\/\/www.ticeolivierdie.com\/olivier-erun\/wp-json\/wp\/v2\/users\/1"}],"replies":[{"embeddable":true,"href":"http:\/\/www.ticeolivierdie.com\/olivier-erun\/wp-json\/wp\/v2\/comments?post=2921"}],"version-history":[{"count":7,"href":"http:\/\/www.ticeolivierdie.com\/olivier-erun\/wp-json\/wp\/v2\/pages\/2921\/revisions"}],"predecessor-version":[{"id":2975,"href":"http:\/\/www.ticeolivierdie.com\/olivier-erun\/wp-json\/wp\/v2\/pages\/2921\/revisions\/2975"}],"wp:attachment":[{"href":"http:\/\/www.ticeolivierdie.com\/olivier-erun\/wp-json\/wp\/v2\/media?parent=2921"}],"curies":[{"name":"wp","href":"https:\/\/api.w.org\/{rel}","templated":true}]}}