{"id":38,"date":"2018-12-11T19:11:41","date_gmt":"2018-12-11T18:11:41","guid":{"rendered":"http:\/\/www.ticeolivierdie.com\/olivier-erun\/?page_id=38"},"modified":"2024-05-24T20:49:19","modified_gmt":"2024-05-24T18:49:19","slug":"escape-game","status":"publish","type":"page","link":"http:\/\/www.ticeolivierdie.com\/olivier-erun\/escape-game\/","title":{"rendered":"Escape Game"},"content":{"rendered":"<p>Nouveau : un petit jeu cr\u00e9e par les enfants de l&rsquo;\u00e9cole de Menglon dans la Dr\u00f4me ( Niveau CM) \u00a0<a href=\"https:\/\/ecole-menglon.web.ac-grenoble.fr\/jeux-interactif-de-menglon\">https:\/\/ecole-menglon.web.ac-grenoble.fr\/jeux-interactif-de-menglon<\/a><\/p>\n<p>https:\/\/ecole-menglon.web.ac-grenoble.fr\/jeux-interactif-de-menglon<\/p>\n<p>Niveau CM fin d&rsquo;ann\u00e9e<\/p>\n<p><a href=\"http:\/\/www.ticeolivierdie.com\/olivier-erun\/intro-cabostin\/\">:http:\/\/www.ticeolivierdie.com\/olivier-erun\/intro-cabostin\/<\/a><\/p>\n<p>Escape Game en ligne<\/p>\n<p>niveau CM \u00a0<a href=\"http:\/\/www.ticeolivierdie.com\/escapolive1.html\">http:\/\/www.ticeolivierdie.com\/escapolive1.html<\/a><\/p>\n<p>niveau CM\u00a0<a href=\"http:\/\/www.ticeolivierdie.com\/escapolive1cm.html\">http:\/\/www.ticeolivierdie.com\/escapolive1cm.html<\/a><\/p>\n<p>niveau CE2\u00a0<a href=\"http:\/\/www.ticeolivierdie.com\/escapolivece2.html\">http:\/\/www.ticeolivierdie.com\/escapolivece2.html<\/a><\/p>\n<p>niveau CE2\u00a0<a href=\"http:\/\/www.ticeolivierdie.com\/escapolivece2b.html\">http:\/\/www.ticeolivierdie.com\/escapolivece2b.html<\/a><\/p>\n<p>niveau CPCE1 ( CP lecteur) \u00a0<a href=\"http:\/\/www.ticeolivierdie.com\/escapolivecpce1.html\">http:\/\/www.ticeolivierdie.com\/escapolivecpce1.html<\/a><\/p>\n<p>niveau CPCE1 ( CP lecteur)\u00a0<a href=\"http:\/\/www.ticeolivierdie.com\/escapolivecpce1b.html\">http:\/\/www.ticeolivierdie.com\/escapolivecpce1b.html<\/a><\/p>\n<p>Attention il faut consid\u00e9rer le jeu comme un puzzle et surtout, en dehors du d\u00e9part, ll n&rsquo;y a pas d&rsquo;ordre pour passer les \u00e9preuves.<\/p>\n<p>Notez tout ce que vous faites.<\/p>\n<p>Les cadenas peuvent \u00eatre un peu long \u00e0 s&rsquo;ouvrir, soyez patients.<\/p>\n<p>En cas de probl\u00e8me vous pouvez m&rsquo;envoyer un message \u00e0 l&rsquo;adresse suivante<\/p>\n<p>olivier.riosset(arobase)orange.fr<\/p>\n<p>(remplacer (arobase) par @ pour \u00e9crire l&rsquo;adresse)<\/p>\n","protected":false},"excerpt":{"rendered":"<p>Nouveau : un petit jeu cr\u00e9e par les enfants de l&rsquo;\u00e9cole de Menglon dans la Dr\u00f4me ( Niveau CM) \u00a0https:\/\/ecole-menglon.web.ac-grenoble.fr\/jeux-interactif-de-menglon https:\/\/ecole-menglon.web.ac-grenoble.fr\/jeux-interactif-de-menglon Niveau CM fin d&rsquo;ann\u00e9e :http:\/\/www.ticeolivierdie.com\/olivier-erun\/intro-cabostin\/ Escape Game en ligne niveau CM \u00a0http:\/\/www.ticeolivierdie.com\/escapolive1.html niveau CM\u00a0http:\/\/www.ticeolivierdie.com\/escapolive1cm.html niveau CE2\u00a0http:\/\/www.ticeolivierdie.com\/escapolivece2.html niveau CE2\u00a0http:\/\/www.ticeolivierdie.com\/escapolivece2b.html niveau CPCE1 ( CP lecteur) \u00a0http:\/\/www.ticeolivierdie.com\/escapolivecpce1.html niveau CPCE1 ( CP lecteur)\u00a0http:\/\/www.ticeolivierdie.com\/escapolivecpce1b.html Attention il faut consid\u00e9rer le [&hellip;]<\/p>\n","protected":false},"author":1,"featured_media":0,"parent":0,"menu_order":0,"comment_status":"closed","ping_status":"closed","template":"","meta":{"footnotes":""},"class_list":["post-38","page","type-page","status-publish","hentry"],"_links":{"self":[{"href":"http:\/\/www.ticeolivierdie.com\/olivier-erun\/wp-json\/wp\/v2\/pages\/38","targetHints":{"allow":["GET"]}}],"collection":[{"href":"http:\/\/www.ticeolivierdie.com\/olivier-erun\/wp-json\/wp\/v2\/pages"}],"about":[{"href":"http:\/\/www.ticeolivierdie.com\/olivier-erun\/wp-json\/wp\/v2\/types\/page"}],"author":[{"embeddable":true,"href":"http:\/\/www.ticeolivierdie.com\/olivier-erun\/wp-json\/wp\/v2\/users\/1"}],"replies":[{"embeddable":true,"href":"http:\/\/www.ticeolivierdie.com\/olivier-erun\/wp-json\/wp\/v2\/comments?post=38"}],"version-history":[{"count":28,"href":"http:\/\/www.ticeolivierdie.com\/olivier-erun\/wp-json\/wp\/v2\/pages\/38\/revisions"}],"predecessor-version":[{"id":3568,"href":"http:\/\/www.ticeolivierdie.com\/olivier-erun\/wp-json\/wp\/v2\/pages\/38\/revisions\/3568"}],"wp:attachment":[{"href":"http:\/\/www.ticeolivierdie.com\/olivier-erun\/wp-json\/wp\/v2\/media?parent=38"}],"curies":[{"name":"wp","href":"https:\/\/api.w.org\/{rel}","templated":true}]}}